{"id":7,"date":"2012-03-28T11:22:54","date_gmt":"2012-03-28T11:22:54","guid":{"rendered":"http:\/\/www.macru.com\/bocetos\/?page_id=7"},"modified":"2017-08-04T06:12:02","modified_gmt":"2017-08-04T06:12:02","slug":"quienes-somos","status":"publish","type":"page","link":"https:\/\/www.macru.com\/fr\/quienes-somos\/","title":{"rendered":"A propos de nous"},"content":{"rendered":"<p><\/p>\n<p><img decoding=\"async\" loading=\"lazy\" class=\"imgdcha\" title=\"Creaciones en madera Macru\" src=\"http:\/\/www.macru.com\/wp-content\/uploads\/ojo1.jpg\" alt=\"Creaciones en madera Macru\" width=\"365\" height=\"243\" \/>Creaciones en madera MACRU, c&rsquo;est une entreprise consacr\u00e9 \u00e0 la fabrication de produits destin\u00e9s \u00e0 la menuiserie, d\u00e8coration et bricolage (cadres, champlats, plinthes, lambris, parquets, main courante, escalier, moulures&#8230;).<\/p>\n<p>Nous fabricons \u00e0 paitir d n&rsquo;importe quelle essence de bois massif et panneaux (MDF, coll\u00e9s). Nous nos adaptons aux besoins sp\u00e9cifiques de nos clients (essence de bois, section, vernis, laqu\u00e9&#8230;)<\/p>\n<p class=\"maderas\">ch\u00eane, h\u00eatre, sapelli, iroko, elondo, cerise, wenge, alder, erable, jatoba, orme, bubinga, chat\u00e2igne, merbau, sucupira, acacia, ipe, doussie, mongoy, fr\u00eane, noyer, zebrano, pin, etimoe, c\u00e9dre, cumaru&#8230;<\/p>\n<p><\/p>","protected":false},"excerpt":{"rendered":"<p>Creaciones en madera MACRU, c&rsquo;est une entreprise consacr\u00e9 \u00e0 la [&hellip;]<\/p>\n","protected":false},"author":1,"featured_media":0,"parent":0,"menu_order":0,"comment_status":"open","ping_status":"closed","template":"","meta":{"footnotes":""},"aioseo_notices":[],"_links":{"self":[{"href":"https:\/\/www.macru.com\/fr\/wp-json\/wp\/v2\/pages\/7"}],"collection":[{"href":"https:\/\/www.macru.com\/fr\/wp-json\/wp\/v2\/pages"}],"about":[{"href":"https:\/\/www.macru.com\/fr\/wp-json\/wp\/v2\/types\/page"}],"author":[{"embeddable":true,"href":"https:\/\/www.macru.com\/fr\/wp-json\/wp\/v2\/users\/1"}],"replies":[{"embeddable":true,"href":"https:\/\/www.macru.com\/fr\/wp-json\/wp\/v2\/comments?post=7"}],"version-history":[{"count":26,"href":"https:\/\/www.macru.com\/fr\/wp-json\/wp\/v2\/pages\/7\/revisions"}],"predecessor-version":[{"id":780,"href":"https:\/\/www.macru.com\/fr\/wp-json\/wp\/v2\/pages\/7\/revisions\/780"}],"wp:attachment":[{"href":"https:\/\/www.macru.com\/fr\/wp-json\/wp\/v2\/media?parent=7"}],"curies":[{"name":"wp","href":"https:\/\/api.w.org\/{rel}","templated":true}]}}