{"id":51,"date":"2012-03-28T11:34:21","date_gmt":"2012-03-28T11:34:21","guid":{"rendered":"http:\/\/www.macru.com\/bocetos\/?page_id=51"},"modified":"2012-08-16T12:28:33","modified_gmt":"2012-08-16T12:28:33","slug":"aviso-legal","status":"publish","type":"page","link":"https:\/\/www.macru.com\/fr\/aviso-legal\/","title":{"rendered":"Avis l\u00e9gal"},"content":{"rendered":"<p>Le pr\u00e9sent avis l\u00e9gal (d\u00e9nomm\u00e9 \u201cl\u2019avis l\u00e9gal\u201d) r\u00e9git l\u2019utilisation du service de la page internet http:\/\/www.macru.com (d\u00e9nomm\u00e9 le \u201cWeb\u201d) de\u00a0CREACIONES EN MADERA MACRU, S.L. (d\u00e9nomm\u00e9e L\u2019ENTREPRISE) ayant num\u00e9ro d\u2019identification C.I.F\u00a0B31176753 et sise rue EHermanos Noain, 44. 31013 Ansoain (Navarra).<\/p>\n<h4>L\u00e9gislation<\/h4>\n<p>D\u2019une mani\u00e8re g\u00e9n\u00e9rale, les relations entre L\u2019ENTREPRISE et les utilisateurs de ses services t\u00e9l\u00e9matiques pr\u00e9sents sur internet sont soumises \u00e0 la l\u00e9gislation et juridiction espagnole.<\/p>\n<h4>Contenu et usage<\/h4>\n<p>L\u2019utilisateur est inform\u00e9 et accepte que l\u2019acc\u00e8s \u00e0 la pr\u00e9sente page internet ne suppose pas, et ce, en aucune fa\u00e7on, le d\u00e9but d\u2019une relation commerciale avec l\u2019entreprise.<\/p>\n<p>Le propri\u00e9taire du site ne s\u2019identifie en aucun cas avec les \u00e9ventuels propos \u00e9crits par ses collaborateurs. L\u2019ENTREPRISE se r\u00e9serve le droit d\u2019effectuer, sans pr\u00e9avis aucun, les modifications qu\u2019elle juge n\u00e9cessaires sur son site, en changeant, supprimant ou ajoutant des contenus ou des services ainsi que la fa\u00e7on dont ceux-ci sont pr\u00e9sent\u00e9s ou plac\u00e9s sur le serveur.<\/p>\n<h4>Propri\u00e9t\u00e9 intellectuelle ou industrielle<\/h4>\n<p>Les droits de propri\u00e9t\u00e9 intellectuelle du contenu des pages internet, son design et ses codes sont d\u00e9tenus par L\u2019ENTREPRISE et de par le fait, la distribution, reproduction, communication publique, transformation ou tout autre activit\u00e9 pouvant \u00eatre r\u00e9alis\u00e9e avec les contenus de ses pages internet sont formellement interdites, m\u00eame en citant les sources, sans l\u2019accord \u00e9crit de l\u2019ENTREPRISE.<\/p>\n<p>Tous les noms commerciaux, marques ou signes distinctifs de tous types de contenus pr\u00e9sents sur le site sont propri\u00e9t\u00e9s exclusives des propri\u00e9taires du site et sont prot\u00e9g\u00e9s par la loi.<\/p>\n<h4>Liens (links)<\/h4>\n<p>La pr\u00e9sence de liens (links) sur le site de l\u2019ENTREPRISE l\u2019est seulement \u00e0 titre informatif et en aucun cas ne repr\u00e9sente une invitation, une suggestion ou une recommandation de ceux-ci.<\/p>\n<h4>Protection des donn\u00e9es \u00e0 caract\u00e8re personnel.<\/h4>\n<p><strong>Clause LOPD<\/strong><\/p>\n<p>En conformit\u00e9 avec l\u2019article 5 et 6 de la Loi Organique 15\/1999 de Protection des Donn\u00e9es \u00e0 Caract\u00e8re Personnel et, en accord avec les articles 12,14 et 18 du R.D 1720\/2007 -21 de l\u2019ENTREPRISE, j\u2019autorise express\u00e9ment que ces donn\u00e9es soient transmises pour pouvoir r\u00e9pondre \u00e0 ma demande aussi bien par voie \u00e9lectronique que par une autre forme.<\/p>\n<p>Je suis inform\u00e9 de la possibilit\u00e9 d\u2019exercer mon droit d\u2019acc\u00e8s, de rectification, d\u2019annulation ou d\u2019opposition (pr\u00e9vus dans les articles 15, 16 et 17 de la LOPD, ainsi que dans les articles 23 et 36 du R.D. 1720\/2007 du 21 D\u00e9cembre) par le biais d\u2019un courrier \u00e0 la direction \u00e9lectronique suivante: macru[@]macru.com ou bien d\u2019un courrier postal adress\u00e9 \u00e0 :<\/p>\n<p>Creaciones en madera Macru, S.L.<br \/>\nHermanos Noain, 44. 31013 Ansoain (Navarra).<\/p>\n<p><\/p>","protected":false},"excerpt":{"rendered":"<p>Le pr\u00e9sent avis l\u00e9gal (d\u00e9nomm\u00e9 \u201cl\u2019avis l\u00e9gal\u201d) r\u00e9git l\u2019utilisation du [&hellip;]<\/p>\n","protected":false},"author":1,"featured_media":0,"parent":0,"menu_order":0,"comment_status":"open","ping_status":"closed","template":"","meta":{"footnotes":""},"aioseo_notices":[],"_links":{"self":[{"href":"https:\/\/www.macru.com\/fr\/wp-json\/wp\/v2\/pages\/51"}],"collection":[{"href":"https:\/\/www.macru.com\/fr\/wp-json\/wp\/v2\/pages"}],"about":[{"href":"https:\/\/www.macru.com\/fr\/wp-json\/wp\/v2\/types\/page"}],"author":[{"embeddable":true,"href":"https:\/\/www.macru.com\/fr\/wp-json\/wp\/v2\/users\/1"}],"replies":[{"embeddable":true,"href":"https:\/\/www.macru.com\/fr\/wp-json\/wp\/v2\/comments?post=51"}],"version-history":[{"count":9,"href":"https:\/\/www.macru.com\/fr\/wp-json\/wp\/v2\/pages\/51\/revisions"}],"predecessor-version":[{"id":450,"href":"https:\/\/www.macru.com\/fr\/wp-json\/wp\/v2\/pages\/51\/revisions\/450"}],"wp:attachment":[{"href":"https:\/\/www.macru.com\/fr\/wp-json\/wp\/v2\/media?parent=51"}],"curies":[{"name":"wp","href":"https:\/\/api.w.org\/{rel}","templated":true}]}}