{"id":45,"date":"2012-03-28T11:32:59","date_gmt":"2012-03-28T11:32:59","guid":{"rendered":"http:\/\/www.macru.com\/bocetos\/?page_id=45"},"modified":"2015-05-21T11:12:18","modified_gmt":"2015-05-21T11:12:18","slug":"rodapies-de-diseno","status":"publish","type":"page","link":"https:\/\/www.macru.com\/fr\/side-b-2\/rodapies-de-diseno\/","title":{"rendered":"Dessin plinthes"},"content":{"rendered":"<p><\/p>\n<div class=\"cont-productoB\">\n<div class=\"img-productoB\"><a href=\"http:\/\/www.macru.com\/wp-content\/uploads\/SideB\/B-38.jpg\"><img decoding=\"async\" loading=\"lazy\" class=\"alignnone size-full wp-image-253\" title=\"Rodapi\u00e9 de dise\u00f1o modelo B-38\" src=\"http:\/\/www.macru.com\/wp-content\/uploads\/B-38-m.jpg\" alt=\"B-38\" width=\"195\" height=\"155\" srcset=\"https:\/\/www.macru.com\/wp-content\/uploads\/B-38-m.jpg 195w, https:\/\/www.macru.com\/wp-content\/uploads\/B-38-m-125x100.jpg 125w\" sizes=\"(max-width: 195px) 100vw, 195px\" \/><\/a><\/div>\n<div class=\"txt-productoB\">\n<p class=\"titproductoB\">Modelo B-38<\/p>\n<p>Rodapi\u00e9 roble tono wenge con incrustaci\u00f3n de haya ba\u00f1ada en oro.<\/p>\n<\/div>\n<div class=\"aclarar\"><\/div>\n<\/div>\n<div class=\"cont-productoB\">\n<div class=\"img-productoB\"><a href=\"http:\/\/www.macru.com\/wp-content\/uploads\/SideB\/B-39.jpg\"><img decoding=\"async\" loading=\"lazy\" class=\"alignnone size-full wp-image-254\" title=\"Rodapi\u00e9 de dise\u00f1o modelo B-39\" src=\"http:\/\/www.macru.com\/wp-content\/uploads\/B-39-m.jpg\" alt=\"B-39\" width=\"195\" height=\"155\" srcset=\"https:\/\/www.macru.com\/wp-content\/uploads\/B-39-m.jpg 195w, https:\/\/www.macru.com\/wp-content\/uploads\/B-39-m-125x100.jpg 125w\" sizes=\"(max-width: 195px) 100vw, 195px\" \/><\/a><\/div>\n<div class=\"txt-productoB\">\n<p class=\"titproductoB\">Modelo B-39<\/p>\n<p>Rodapi\u00e9 roble tono tabaco con incrustaci\u00f3n de haya ba\u00f1ada en oro.<\/p>\n<\/div>\n<div class=\"aclarar\"><\/div>\n<\/div>\n<div class=\"cont-productoB\">\n<div class=\"img-productoB\"><a href=\"http:\/\/www.macru.com\/wp-content\/uploads\/SideB\/B-40.jpg\"><img decoding=\"async\" loading=\"lazy\" class=\"alignnone size-full wp-image-255\" title=\"Rodapi\u00e9 de dise\u00f1o modelo  B-40\" src=\"http:\/\/www.macru.com\/wp-content\/uploads\/B-40-m.jpg\" alt=\"B-40\" width=\"195\" height=\"155\" srcset=\"https:\/\/www.macru.com\/wp-content\/uploads\/B-40-m.jpg 195w, https:\/\/www.macru.com\/wp-content\/uploads\/B-40-m-125x100.jpg 125w\" sizes=\"(max-width: 195px) 100vw, 195px\" \/><\/a><\/div>\n<div class=\"txt-productoB\">\n<p class=\"titproductoB\">Modelo B-40<\/p>\n<p>Rodapi\u00e9 roble tono tabaco con incrustaci\u00f3n de haya ba\u00f1ada en negro metalizado.<\/p>\n<\/div>\n<div class=\"aclarar\"><\/div>\n<\/div>\n<div class=\"cont-productoB\">\n<div class=\"img-productoB\"><a href=\"http:\/\/www.macru.com\/wp-content\/uploads\/SideB\/B-41.jpg\"><img decoding=\"async\" loading=\"lazy\" class=\"alignnone size-full wp-image-256\" title=\"Rodapi\u00e9 de dise\u00f1o modelo B-41\" src=\"http:\/\/www.macru.com\/wp-content\/uploads\/B-41-m.jpg\" alt=\"B-41\" width=\"195\" height=\"155\" srcset=\"https:\/\/www.macru.com\/wp-content\/uploads\/B-41-m.jpg 195w, https:\/\/www.macru.com\/wp-content\/uploads\/B-41-m-125x100.jpg 125w\" sizes=\"(max-width: 195px) 100vw, 195px\" \/><\/a><\/div>\n<div class=\"txt-productoB\">\n<p class=\"titproductoB\">Modelo B-41<\/p>\n<p>Rodapi\u00e9 roble tono wenge con incrustaci\u00f3n de haya ba\u00f1ada en plata metalizada.<\/p>\n<\/div>\n<div class=\"aclarar\"><\/div>\n<\/div>\n<div class=\"cont-productoB\">\n<div class=\"img-productoB\"><a href=\"http:\/\/www.macru.com\/wp-content\/uploads\/SideB\/B-42.jpg\"><img decoding=\"async\" loading=\"lazy\" class=\"alignnone size-full wp-image-257\" title=\"Rodapi\u00e9 de dise\u00f1o modelo B-42\" src=\"http:\/\/www.macru.com\/wp-content\/uploads\/B-42-m.jpg\" alt=\"B-42\" width=\"195\" height=\"155\" srcset=\"https:\/\/www.macru.com\/wp-content\/uploads\/B-42-m.jpg 195w, https:\/\/www.macru.com\/wp-content\/uploads\/B-42-m-125x100.jpg 125w\" sizes=\"(max-width: 195px) 100vw, 195px\" \/><\/a><\/div>\n<div class=\"txt-productoB\">\n<p class=\"titproductoB\">Modelo B-42<\/p>\n<p>Rodapi\u00e9 roble tono wenge con incrustaci\u00f3n de haya ba\u00f1ada en cobre metalizado.<\/p>\n<\/div>\n<div class=\"aclarar\"><\/div>\n<\/div>\n<div class=\"cont-productoB\">\n<div class=\"img-productoB\"><a href=\"http:\/\/www.macru.com\/wp-content\/uploads\/SideB\/B-47.jpg\"><img decoding=\"async\" loading=\"lazy\" class=\"alignnone size-full wp-image-363\" title=\"Referencia B-47\" src=\"http:\/\/www.macru.com\/wp-content\/uploads\/B-47-m.jpg\" alt=\"Referencia B-47\" width=\"195\" height=\"155\" srcset=\"https:\/\/www.macru.com\/wp-content\/uploads\/B-47-m.jpg 195w, https:\/\/www.macru.com\/wp-content\/uploads\/B-47-m-125x100.jpg 125w\" sizes=\"(max-width: 195px) 100vw, 195px\" \/><\/a><\/div>\n<div class=\"txt-productoB\">\n<p class=\"titproductoB\">Modelo B-47<\/p>\n<p>Rodapi\u00e9 haya lacado negro con incrustaci\u00f3n de Jatoba barnizada.<\/p>\n<\/div>\n<div class=\"aclarar\"><\/div>\n<\/div>\n<p>Estamos abiertos a las posibles combinaciones (medidas, maderas, colores&#8230;) que el cliente nos pueda sugerir.<\/p>\n<p><\/p>","protected":false},"excerpt":{"rendered":"<p>Modelo B-38 Rodapi\u00e9 roble tono wenge con incrustaci\u00f3n de haya [&hellip;]<\/p>\n","protected":false},"author":1,"featured_media":0,"parent":39,"menu_order":2,"comment_status":"open","ping_status":"closed","template":"","meta":{"footnotes":""},"aioseo_notices":[],"_links":{"self":[{"href":"https:\/\/www.macru.com\/fr\/wp-json\/wp\/v2\/pages\/45"}],"collection":[{"href":"https:\/\/www.macru.com\/fr\/wp-json\/wp\/v2\/pages"}],"about":[{"href":"https:\/\/www.macru.com\/fr\/wp-json\/wp\/v2\/types\/page"}],"author":[{"embeddable":true,"href":"https:\/\/www.macru.com\/fr\/wp-json\/wp\/v2\/users\/1"}],"replies":[{"embeddable":true,"href":"https:\/\/www.macru.com\/fr\/wp-json\/wp\/v2\/comments?post=45"}],"version-history":[{"count":14,"href":"https:\/\/www.macru.com\/fr\/wp-json\/wp\/v2\/pages\/45\/revisions"}],"predecessor-version":[{"id":722,"href":"https:\/\/www.macru.com\/fr\/wp-json\/wp\/v2\/pages\/45\/revisions\/722"}],"up":[{"embeddable":true,"href":"https:\/\/www.macru.com\/fr\/wp-json\/wp\/v2\/pages\/39"}],"wp:attachment":[{"href":"https:\/\/www.macru.com\/fr\/wp-json\/wp\/v2\/media?parent=45"}],"curies":[{"name":"wp","href":"https:\/\/api.w.org\/{rel}","templated":true}]}}