{"id":43,"date":"2012-03-28T11:32:17","date_gmt":"2012-03-28T11:32:17","guid":{"rendered":"http:\/\/www.macru.com\/bocetos\/?page_id=43"},"modified":"2015-05-21T11:09:20","modified_gmt":"2015-05-21T11:09:20","slug":"jambas-de-diseno","status":"publish","type":"page","link":"https:\/\/www.macru.com\/fr\/side-b-2\/jambas-de-diseno\/","title":{"rendered":"Dessin chanplats"},"content":{"rendered":"<p><\/p>\n<div class=\"cont-productoB\">\n<div class=\"img-productoB\"><a href=\"http:\/\/www.macru.com\/wp-content\/uploads\/SideB\/B-0.jpg\"><img decoding=\"async\" loading=\"lazy\" class=\"alignnone size-full wp-image-355\" title=\"Referencia B-0\" src=\"http:\/\/www.macru.com\/wp-content\/uploads\/B-0-m.jpg\" alt=\"Referencia B-0\" width=\"195\" height=\"155\" srcset=\"https:\/\/www.macru.com\/wp-content\/uploads\/B-0-m.jpg 195w, https:\/\/www.macru.com\/wp-content\/uploads\/B-0-m-125x100.jpg 125w\" sizes=\"(max-width: 195px) 100vw, 195px\" \/><\/a><\/div>\n<div class=\"txt-productoB\">\n<p class=\"titproductoB\">Modelo B-0<\/p>\n<p>Jamba lisa de zebrano barnizado + plinto y roset\u00f3n de olivo barnizado + cerco de zebrano barnizado seg\u00fan medida de tabique y puerta.<\/p>\n<\/div>\n<div class=\"aclarar\"><\/div>\n<\/div>\n<div class=\"cont-productoB\">\n<div class=\"img-productoB\"><a href=\"http:\/\/www.macru.com\/wp-content\/uploads\/SideB\/B-01.jpg\"><img decoding=\"async\" loading=\"lazy\" class=\"alignnone size-full wp-image-356\" title=\"Referencia B-01\" src=\"http:\/\/www.macru.com\/wp-content\/uploads\/B-01-m.jpg\" alt=\"Referencia B-01\" width=\"195\" height=\"155\" srcset=\"https:\/\/www.macru.com\/wp-content\/uploads\/B-01-m.jpg 195w, https:\/\/www.macru.com\/wp-content\/uploads\/B-01-m-125x100.jpg 125w\" sizes=\"(max-width: 195px) 100vw, 195px\" \/><\/a><\/div>\n<div class=\"txt-productoB\">\n<p class=\"titproductoB\">Modelo B-01<\/p>\n<p>Jamba DM lisa lacada en negro + plinto y roset\u00f3n de jatoba barnizada + cerco DM lacado negro seg\u00fan medida de tabique y puerta.<\/p>\n<\/div>\n<div class=\"aclarar\"><\/div>\n<\/div>\n<div class=\"cont-productoB\">\n<div class=\"img-productoB\"><a href=\"http:\/\/www.macru.com\/wp-content\/uploads\/SideB\/B-02.jpg\"><img decoding=\"async\" loading=\"lazy\" class=\"alignnone size-full wp-image-357\" title=\"Referencia B-02\" src=\"http:\/\/www.macru.com\/wp-content\/uploads\/B-02-m.jpg\" alt=\"Referencia B-02\" width=\"195\" height=\"155\" srcset=\"https:\/\/www.macru.com\/wp-content\/uploads\/B-02-m.jpg 195w, https:\/\/www.macru.com\/wp-content\/uploads\/B-02-m-125x100.jpg 125w\" sizes=\"(max-width: 195px) 100vw, 195px\" \/><\/a><\/div>\n<div class=\"txt-productoB\">\n<p class=\"titproductoB\">Modelo B-02<\/p>\n<p>Jamba DM lisa lacada en blanco + plinto y roset\u00f3n en haya lacado azul (RAL 5012) + cerco DM lacado blanco seg\u00fan medida de tabique y puerta.<\/p>\n<\/div>\n<div class=\"aclarar\"><\/div>\n<\/div>\n<div class=\"cont-productoB\">\n<div class=\"img-productoB\"><a href=\"http:\/\/www.macru.com\/wp-content\/uploads\/SideB\/B-03.jpg\"><img decoding=\"async\" loading=\"lazy\" class=\"alignnone size-full wp-image-358\" title=\"Referencia B-03\" src=\"http:\/\/www.macru.com\/wp-content\/uploads\/B-03-m.jpg\" alt=\"Referencia B-03\" width=\"195\" height=\"155\" srcset=\"https:\/\/www.macru.com\/wp-content\/uploads\/B-03-m.jpg 195w, https:\/\/www.macru.com\/wp-content\/uploads\/B-03-m-125x100.jpg 125w\" sizes=\"(max-width: 195px) 100vw, 195px\" \/><\/a><\/div>\n<div class=\"txt-productoB\">\n<p class=\"titproductoB\">Modelo B-03<\/p>\n<p>Jamba DM lisa lacada en blanco + plinto y roset\u00f3n haya lacado naranja (RAL 2003) + cerco DM lacado blanco seg\u00fan medida de tabique y puerta.<\/p>\n<\/div>\n<div class=\"aclarar\"><\/div>\n<\/div>\n<div class=\"cont-productoB\">\n<div class=\"img-productoB\"><a href=\"http:\/\/www.macru.com\/wp-content\/uploads\/SideB\/B-1.jpg\"><img decoding=\"async\" loading=\"lazy\" class=\"alignnone size-full wp-image-214\" title=\"Modelo B-1\" src=\"http:\/\/www.macru.com\/wp-content\/uploads\/B-1-m1.jpg\" alt=\"B-1\" width=\"195\" height=\"155\" srcset=\"https:\/\/www.macru.com\/wp-content\/uploads\/B-1-m1.jpg 195w, https:\/\/www.macru.com\/wp-content\/uploads\/B-1-m1-125x100.jpg 125w\" sizes=\"(max-width: 195px) 100vw, 195px\" \/><\/a><\/div>\n<div class=\"txt-productoB\">\n<p class=\"titproductoB\">Modelo B-1<\/p>\n<p>Jamba roble acanalada tono wenge + plinto y roset\u00f3n de haya ba\u00f1ada en oro + cerco roble tono wenge seg\u00fan medida tabique y puerta.<\/p>\n<\/div>\n<div class=\"aclarar\"><\/div>\n<\/div>\n<div class=\"cont-productoB\">\n<div class=\"img-productoB\"><a href=\"http:\/\/www.macru.com\/wp-content\/uploads\/SideB\/B-2.jpg\"><img decoding=\"async\" loading=\"lazy\" class=\"alignnone size-full wp-image-215\" title=\"Jamba dise\u00f1o modelo B-2\" src=\"http:\/\/www.macru.com\/wp-content\/uploads\/B-2-m1.jpg\" alt=\"B-2\" width=\"195\" height=\"155\" srcset=\"https:\/\/www.macru.com\/wp-content\/uploads\/B-2-m1.jpg 195w, https:\/\/www.macru.com\/wp-content\/uploads\/B-2-m1-125x100.jpg 125w\" sizes=\"(max-width: 195px) 100vw, 195px\" \/><\/a><\/div>\n<div class=\"txt-productoB\">\n<p class=\"titproductoB\">Modelo B-2<\/p>\n<p>Jamba roble acanalada tono wenge + plinto y roset\u00f3n de haya ba\u00f1ada en plata metalizado + cerco roble tono wenge seg\u00fan medida tabique y puerta.<\/p>\n<\/div>\n<\/div>\n<div class=\"cont-productoB\">\n<p><br class=\"alignnone size-full wp-image-216\" title=\"Jamba dise\u00f1o modelo B-3\" \/><\/p>\n<div class=\"aclarar\"><\/div>\n<\/div>\n<div class=\"cont-productoB\">\n<div class=\"img-productoB\"><a href=\"http:\/\/www.macru.com\/wp-content\/uploads\/SideB\/B-4.jpg\"><img decoding=\"async\" loading=\"lazy\" class=\"alignnone size-full wp-image-217\" title=\"Jamba dise\u00f1o modelo B-4\" src=\"http:\/\/www.macru.com\/wp-content\/uploads\/B-4-m1.jpg\" alt=\"B-4\" width=\"195\" height=\"155\" srcset=\"https:\/\/www.macru.com\/wp-content\/uploads\/B-4-m1.jpg 195w, https:\/\/www.macru.com\/wp-content\/uploads\/B-4-m1-125x100.jpg 125w\" sizes=\"(max-width: 195px) 100vw, 195px\" \/><\/a><\/div>\n<div class=\"txt-productoB\">\n<p class=\"titproductoB\">Modelo B-4<\/p>\n<p>Jamba roble acanalada tono tabaco + plinto y roset\u00f3n de haya ba\u00f1ada en oro + cerco roble tono tabaco seg\u00fan medida tabique y puerta.<\/p>\n<\/div>\n<div class=\"aclarar\"><\/div>\n<\/div>\n<div class=\"cont-productoB\">\n<div class=\"img-productoB\"><a href=\"http:\/\/www.macru.com\/wp-content\/uploads\/SideB\/B-5.jpg\"><img decoding=\"async\" loading=\"lazy\" class=\"alignnone size-full wp-image-218\" title=\"Jamba dise\u00f1o modelo B-5\" src=\"http:\/\/www.macru.com\/wp-content\/uploads\/B-5-m1.jpg\" alt=\"B-5\" width=\"195\" height=\"155\" srcset=\"https:\/\/www.macru.com\/wp-content\/uploads\/B-5-m1.jpg 195w, https:\/\/www.macru.com\/wp-content\/uploads\/B-5-m1-125x100.jpg 125w\" sizes=\"(max-width: 195px) 100vw, 195px\" \/><\/a><\/div>\n<div class=\"txt-productoB\">\n<p class=\"titproductoB\">Modelo B-5<\/p>\n<p>Jamba DM lacada en blanco con incrustaci\u00f3n de haya ba\u00f1ada en oro + cerco DM lacado en blanco seg\u00fan medida tabique y puerta.<\/p>\n<\/div>\n<div class=\"aclarar\"><\/div>\n<\/div>\n<div class=\"cont-productoB\">\n<p><br class=\"alignnone size-full wp-image-220\" title=\"Jamba dise\u00f1o modelo B-7\" \/><\/p>\n<div class=\"aclarar\"><\/div>\n<\/div>\n<div class=\"cont-productoB\">\n<div class=\"img-productoB\"><a href=\"http:\/\/www.macru.com\/wp-content\/uploads\/SideB\/B-8.jpg\"><img decoding=\"async\" loading=\"lazy\" class=\"alignnone size-full wp-image-221\" title=\"Jamba dise\u00f1o modelo B-8\" src=\"http:\/\/www.macru.com\/wp-content\/uploads\/B-8-m.jpg\" alt=\"B-8\" width=\"195\" height=\"155\" srcset=\"https:\/\/www.macru.com\/wp-content\/uploads\/B-8-m.jpg 195w, https:\/\/www.macru.com\/wp-content\/uploads\/B-8-m-125x100.jpg 125w\" sizes=\"(max-width: 195px) 100vw, 195px\" \/><\/a><\/div>\n<div class=\"txt-productoB\">\n<p class=\"titproductoB\">Modelo B-8<\/p>\n<p>Jamba roble tono wenge con incrustaci\u00f3n de haya ba\u00f1ada en cobre metalizado + cerco roble tono wenge seg\u00fan medida de tabique y puerta.<\/p>\n<\/div>\n<div class=\"aclarar\"><\/div>\n<\/div>\n<div class=\"cont-productoB\"><\/div>\n<div class=\"cont-productoB\">\n<p><br class=\"alignnone size-full wp-image-223\" title=\"Jamba dise\u00f1o modelo B-10\" \/><\/p>\n<div class=\"aclarar\"><\/div>\n<\/div>\n<div class=\"cont-productoB\">\n<div class=\"img-productoB\"><a href=\"http:\/\/www.macru.com\/wp-content\/uploads\/SideB\/B-11.jpg\"><img decoding=\"async\" loading=\"lazy\" class=\"alignnone size-full wp-image-224\" title=\"Jamba dise\u00f1o modelo B-11\" src=\"http:\/\/www.macru.com\/wp-content\/uploads\/B-11-m.jpg\" alt=\"B-11\" width=\"195\" height=\"155\" srcset=\"https:\/\/www.macru.com\/wp-content\/uploads\/B-11-m.jpg 195w, https:\/\/www.macru.com\/wp-content\/uploads\/B-11-m-125x100.jpg 125w\" sizes=\"(max-width: 195px) 100vw, 195px\" \/><\/a><\/div>\n<div class=\"txt-productoB\">\n<p class=\"titproductoB\">Modelo B-11<\/p>\n<p>Jamba roble tono wenge con incrustaciones de haya ba\u00f1ado en plata metalizada + cerco roble tono wenge seg\u00fan medida de tabique y puerta.<\/p>\n<\/div>\n<\/div>\n<div class=\"cont-productoB\">\n<div class=\"cont-productoB\">\n<div class=\"aclarar\"><\/div>\n<\/div>\n<\/div>\n<div class=\"cont-productoB\">\n<div class=\"img-productoB\"><a href=\"http:\/\/www.macru.com\/wp-content\/uploads\/SideB\/B-20.jpg\"><img decoding=\"async\" loading=\"lazy\" class=\"alignnone size-full wp-image-233\" title=\"Jamba dise\u00f1o modelo B-20\" src=\"http:\/\/www.macru.com\/wp-content\/uploads\/B-20-m.jpg\" alt=\"B-20\" width=\"195\" height=\"155\" srcset=\"https:\/\/www.macru.com\/wp-content\/uploads\/B-20-m.jpg 195w, https:\/\/www.macru.com\/wp-content\/uploads\/B-20-m-125x100.jpg 125w\" sizes=\"(max-width: 195px) 100vw, 195px\" \/><\/a><\/div>\n<div class=\"txt-productoB\">\n<p class=\"titproductoB\">Modelo B-20<\/p>\n<p>Jamba roble tono tabaco con incrustaciones de haya ba\u00f1ado en negro metalizado + cerco roble tono tabaco seg\u00fan medida de tabique y puerta.<\/p>\n<\/div>\n<div class=\"cont-productoB\">\n<p><br class=\"alignnone size-full wp-image-234\" title=\"Jamba dise\u00f1o modelo B-21\" \/><\/p>\n<div class=\"aclarar\"><\/div>\n<\/div>\n<\/div>\n<div class=\"cont-productoB\">\n<div class=\"img-productoB\"><a href=\"http:\/\/www.macru.com\/wp-content\/uploads\/SideB\/B-22.jpg\"><img decoding=\"async\" loading=\"lazy\" class=\"alignnone size-full wp-image-235\" title=\"Jamba dise\u00f1o modelo B-22\" src=\"http:\/\/www.macru.com\/wp-content\/uploads\/B-22-m.jpg\" alt=\"B-22\" width=\"195\" height=\"155\" srcset=\"https:\/\/www.macru.com\/wp-content\/uploads\/B-22-m.jpg 195w, https:\/\/www.macru.com\/wp-content\/uploads\/B-22-m-125x100.jpg 125w\" sizes=\"(max-width: 195px) 100vw, 195px\" \/><\/a><\/div>\n<div class=\"txt-productoB\">\n<p class=\"titproductoB\">Modelo B-22<\/p>\n<p>Jamba DM lacada en blanco con incrustaciones de haya ba\u00f1ada en cobre metalizado + cerco DM lacado en blanco seg\u00fan medida de tabique y puerta.<\/p>\n<\/div>\n<div class=\"aclarar\"><\/div>\n<\/div>\n<div class=\"cont-productoB\">\n<div class=\"img-productoB\"><a href=\"http:\/\/www.macru.com\/wp-content\/uploads\/SideB\/B-23.jpg\"><img decoding=\"async\" loading=\"lazy\" class=\"alignnone size-full wp-image-236\" title=\"Jamba dise\u00f1o modelo B-23\" src=\"http:\/\/www.macru.com\/wp-content\/uploads\/B-23-m.jpg\" alt=\"B-23\" width=\"195\" height=\"155\" srcset=\"https:\/\/www.macru.com\/wp-content\/uploads\/B-23-m.jpg 195w, https:\/\/www.macru.com\/wp-content\/uploads\/B-23-m-125x100.jpg 125w\" sizes=\"(max-width: 195px) 100vw, 195px\" \/><\/a><\/div>\n<div class=\"txt-productoB\">\n<p class=\"titproductoB\">Modelo B-23<\/p>\n<p>Jamba roble tono tabaco con incrustaciones de haya ba\u00f1ado en oro + cerco roble tono tabaco seg\u00fan medida de tabique y puerta.<\/p>\n<\/div>\n<div class=\"aclarar\"><\/div>\n<\/div>\n<div class=\"cont-productoB\">\n<div class=\"img-productoB\"><a href=\"http:\/\/www.macru.com\/wp-content\/uploads\/SideB\/B-24.jpg\"><img decoding=\"async\" loading=\"lazy\" class=\"alignnone size-full wp-image-237\" title=\"Jamba dise\u00f1o modelo B-24\" src=\"http:\/\/www.macru.com\/wp-content\/uploads\/B-24-m.jpg\" alt=\"B-24\" width=\"195\" height=\"155\" srcset=\"https:\/\/www.macru.com\/wp-content\/uploads\/B-24-m.jpg 195w, https:\/\/www.macru.com\/wp-content\/uploads\/B-24-m-125x100.jpg 125w\" sizes=\"(max-width: 195px) 100vw, 195px\" \/><\/a><\/div>\n<div class=\"txt-productoB\">\n<p class=\"titproductoB\">Modelo B-24<\/p>\n<p>Jamba roble tono wenge con incrustaciones de haya ba\u00f1ada en plata metalizado + cerco roble tono wenge seg\u00fan medida de tabique y puerta.<\/p>\n<\/div>\n<\/div>\n<div class=\"cont-productoB\">\n<p><br class=\"alignnone size-full wp-image-239\" title=\"Jamba dise\u00f1o modelo B-26\" \/><\/p>\n<div class=\"aclarar\"><\/div>\n<\/div>\n<div class=\"cont-productoB\">\n<div class=\"img-productoB\"><a href=\"http:\/\/www.macru.com\/wp-content\/uploads\/SideB\/B-27.jpg\"><img decoding=\"async\" loading=\"lazy\" class=\"alignnone size-full wp-image-240\" title=\"Jamba dise\u00f1o modelo B-27\" src=\"http:\/\/www.macru.com\/wp-content\/uploads\/B-27-m.jpg\" alt=\"B-27\" width=\"195\" height=\"155\" srcset=\"https:\/\/www.macru.com\/wp-content\/uploads\/B-27-m.jpg 195w, https:\/\/www.macru.com\/wp-content\/uploads\/B-27-m-125x100.jpg 125w\" sizes=\"(max-width: 195px) 100vw, 195px\" \/><\/a><\/div>\n<div class=\"txt-productoB\">\n<p class=\"titproductoB\">Modelo B-27<\/p>\n<p>Jamba haya lacada en negro con incrustaciones de jatoba barnizada + cerco haya lacado en negro seg\u00fan medida de tabique y puerta.<\/p>\n<\/div>\n<div class=\"aclarar\"><\/div>\n<\/div>\n<div class=\"cont-productoB\">\n<div class=\"img-productoB\"><a href=\"http:\/\/www.macru.com\/wp-content\/uploads\/SideB\/B-28.jpg\"><img decoding=\"async\" loading=\"lazy\" class=\"alignnone size-full wp-image-241\" title=\"Jamba dise\u00f1o modelo B-28\" src=\"http:\/\/www.macru.com\/wp-content\/uploads\/B-28-m.jpg\" alt=\"B-28\" width=\"195\" height=\"155\" srcset=\"https:\/\/www.macru.com\/wp-content\/uploads\/B-28-m.jpg 195w, https:\/\/www.macru.com\/wp-content\/uploads\/B-28-m-125x100.jpg 125w\" sizes=\"(max-width: 195px) 100vw, 195px\" \/><\/a><\/div>\n<div class=\"txt-productoB\">\n<p class=\"titproductoB\">Modelo B-28<\/p>\n<p>Jamba roble tono tabaco con incrustaciones de haya ba\u00f1ado en oro + cerco roble tono tabaco seg\u00fan medida de tabique y puerta.<\/p>\n<\/div>\n<div class=\"aclarar\"><\/div>\n<\/div>\n<div class=\"cont-productoB\">\n<div class=\"img-productoB\"><a href=\"http:\/\/www.macru.com\/wp-content\/uploads\/SideB\/B-29.jpg\"><img decoding=\"async\" loading=\"lazy\" class=\"alignnone size-full wp-image-242\" title=\"Jamba dise\u00f1o modelo B-29\" src=\"http:\/\/www.macru.com\/wp-content\/uploads\/B-29-m.jpg\" alt=\"B-29\" width=\"195\" height=\"155\" srcset=\"https:\/\/www.macru.com\/wp-content\/uploads\/B-29-m.jpg 195w, https:\/\/www.macru.com\/wp-content\/uploads\/B-29-m-125x100.jpg 125w\" sizes=\"(max-width: 195px) 100vw, 195px\" \/><\/a><\/div>\n<div class=\"txt-productoB\">\n<p class=\"titproductoB\">Modelo B-29<\/p>\n<p>Jamba roble tono wenge con incrustaciones de haya ba\u00f1ada en plata metalizada + cerco roble tono wenge seg\u00fan medida de tabique y puerta.<\/p>\n<\/div>\n<div class=\"aclarar\"><\/div>\n<\/div>\n<div class=\"cont-productoB\">\n<div class=\"img-productoB\"><a href=\"http:\/\/www.macru.com\/wp-content\/uploads\/SideB\/B-30.jpg\"><img decoding=\"async\" loading=\"lazy\" class=\"alignnone size-full wp-image-243\" title=\"Jamba dise\u00f1o modelo B-30\" src=\"http:\/\/www.macru.com\/wp-content\/uploads\/B-30-m.jpg\" alt=\"B-30\" width=\"195\" height=\"155\" srcset=\"https:\/\/www.macru.com\/wp-content\/uploads\/B-30-m.jpg 195w, https:\/\/www.macru.com\/wp-content\/uploads\/B-30-m-125x100.jpg 125w\" sizes=\"(max-width: 195px) 100vw, 195px\" \/><\/a><\/div>\n<div class=\"txt-productoB\">\n<p class=\"titproductoB\">Modelo B-30<\/p>\n<p>Jamba roble tono wenge con incrustaciones de haya ba\u00f1ado en oro + cerco roble tono wenge seg\u00fan medida de tabique y puerta.<\/p>\n<\/div>\n<div class=\"aclarar\"><\/div>\n<\/div>\n<div class=\"cont-productoB\">\n<div class=\"img-productoB\"><a href=\"http:\/\/www.macru.com\/wp-content\/uploads\/SideB\/B-31.jpg\"><img decoding=\"async\" loading=\"lazy\" class=\"alignnone size-full wp-image-244\" title=\"Jamba dise\u00f1o modelo B-31\" src=\"http:\/\/www.macru.com\/wp-content\/uploads\/B-31-m.jpg\" alt=\"B-31\" width=\"195\" height=\"155\" srcset=\"https:\/\/www.macru.com\/wp-content\/uploads\/B-31-m.jpg 195w, https:\/\/www.macru.com\/wp-content\/uploads\/B-31-m-125x100.jpg 125w\" sizes=\"(max-width: 195px) 100vw, 195px\" \/><\/a><\/div>\n<div class=\"txt-productoB\">\n<p class=\"titproductoB\">Modelo B-31<\/p>\n<p>Jamba roble tono wenge con incrustaciones de haya ba\u00f1ado en cobre metalizado + cerco roble tono wenge seg\u00fan medida de tabique y puerta.<\/p>\n<\/div>\n<div class=\"aclarar\"><\/div>\n<\/div>\n<div class=\"cont-productoB\">\n<div class=\"img-productoB\"><a href=\"http:\/\/www.macru.com\/wp-content\/uploads\/SideB\/B-32.jpg\"><img decoding=\"async\" loading=\"lazy\" class=\"alignnone size-full wp-image-245\" title=\"Jamba dise\u00f1o modelo B-32\" src=\"http:\/\/www.macru.com\/wp-content\/uploads\/B-32-m.jpg\" alt=\"B-32\" width=\"195\" height=\"155\" srcset=\"https:\/\/www.macru.com\/wp-content\/uploads\/B-32-m.jpg 195w, https:\/\/www.macru.com\/wp-content\/uploads\/B-32-m-125x100.jpg 125w\" sizes=\"(max-width: 195px) 100vw, 195px\" \/><\/a><\/div>\n<div class=\"txt-productoB\">\n<p class=\"titproductoB\">Modelo B-32<\/p>\n<p>Jamba roble tono tabaco con incrustaciones de haya ba\u00f1ada en negro metalizado + cerco roble tono tabaco seg\u00fan medida de tabique y puerta.<\/p>\n<\/div>\n<div class=\"aclarar\"><\/div>\n<\/div>\n<div class=\"cont-productoB\">\n<div class=\"img-productoB\"><a href=\"http:\/\/www.macru.com\/wp-content\/uploads\/SideB\/B-33.jpg\"><img decoding=\"async\" loading=\"lazy\" class=\"alignnone size-full wp-image-246\" title=\"Jamba dise\u00f1o modelo B-33\" src=\"http:\/\/www.macru.com\/wp-content\/uploads\/B-33-m.jpg\" alt=\"B-33\" width=\"195\" height=\"155\" srcset=\"https:\/\/www.macru.com\/wp-content\/uploads\/B-33-m.jpg 195w, https:\/\/www.macru.com\/wp-content\/uploads\/B-33-m-125x100.jpg 125w\" sizes=\"(max-width: 195px) 100vw, 195px\" \/><\/a><\/div>\n<div class=\"txt-productoB\">\n<p class=\"titproductoB\">Modelo B-33<\/p>\n<p>Jamba roble lisa tono wenge + plinto y roset\u00f3n de haya ba\u00f1ada en oro + cerco roble tono wenge seg\u00fan medida de tabique y puerta.<\/p>\n<\/div>\n<div class=\"aclarar\"><\/div>\n<\/div>\n<div class=\"cont-productoB\">\n<div class=\"img-productoB\"><a href=\"http:\/\/www.macru.com\/wp-content\/uploads\/SideB\/B-34.jpg\"><img decoding=\"async\" loading=\"lazy\" class=\"alignnone size-full wp-image-247\" title=\"Jamba dise\u00f1o modelo B-34\" src=\"http:\/\/www.macru.com\/wp-content\/uploads\/B-34-m.jpg\" alt=\"B-34\" width=\"195\" height=\"155\" srcset=\"https:\/\/www.macru.com\/wp-content\/uploads\/B-34-m.jpg 195w, https:\/\/www.macru.com\/wp-content\/uploads\/B-34-m-125x100.jpg 125w\" sizes=\"(max-width: 195px) 100vw, 195px\" \/><\/a><\/div>\n<div class=\"txt-productoB\">\n<p class=\"titproductoB\">Modelo B-34<\/p>\n<p>Jamba roble lisa tono wenge + plinto y roset\u00f3n de haya ba\u00f1ada en plata metalizada + cerco roble tono wenge seg\u00fan medida de tabique y puerta.<\/p>\n<\/div>\n<div class=\"aclarar\"><\/div>\n<\/div>\n<div class=\"cont-productoB\">\n<div class=\"img-productoB\"><a href=\"http:\/\/www.macru.com\/wp-content\/uploads\/SideB\/B-35.jpg\"><img decoding=\"async\" loading=\"lazy\" class=\"alignnone size-full wp-image-248\" title=\"Jamba dise\u00f1o modelo B-35\" src=\"http:\/\/www.macru.com\/wp-content\/uploads\/B-35-m.jpg\" alt=\"B-35\" width=\"195\" height=\"155\" srcset=\"https:\/\/www.macru.com\/wp-content\/uploads\/B-35-m.jpg 195w, https:\/\/www.macru.com\/wp-content\/uploads\/B-35-m-125x100.jpg 125w\" sizes=\"(max-width: 195px) 100vw, 195px\" \/><\/a><\/div>\n<div class=\"txt-productoB\">\n<p class=\"titproductoB\">Modelo B-35<\/p>\n<p>Jamba roble lisa lacada en negro + plinto y roset\u00f3n de haya lacado en rosa + cerco haya lacado en negro seg\u00fan medida de tabique y puerta.<\/p>\n<\/div>\n<div class=\"cont-productoB\">\n<p><br class=\"alignnone size-full wp-image-249\" title=\"Jamba dise\u00f1o modelo B-36\" \/><\/p>\n<div class=\"aclarar\"><\/div>\n<\/div>\n<\/div>\n<div class=\"cont-productoB\">\n<div class=\"img-productoB\"><a href=\"http:\/\/www.macru.com\/wp-content\/uploads\/SideB\/B-37.jpg\"><img decoding=\"async\" loading=\"lazy\" class=\"alignnone size-full wp-image-250\" title=\"Jamba dise\u00f1o modelo B-37\" src=\"http:\/\/www.macru.com\/wp-content\/uploads\/B-37-m.jpg\" alt=\"B-37\" width=\"195\" height=\"155\" srcset=\"https:\/\/www.macru.com\/wp-content\/uploads\/B-37-m.jpg 195w, https:\/\/www.macru.com\/wp-content\/uploads\/B-37-m-125x100.jpg 125w\" sizes=\"(max-width: 195px) 100vw, 195px\" \/><\/a><\/div>\n<div class=\"txt-productoB\">\n<p class=\"titproductoB\">Modelo B-37<\/p>\n<p>Jamba roble lisa tono tabaco + plinto y roset\u00f3n de haya ba\u00f1ada en oro + cerco roble tono tabaco seg\u00fan medida de tabique y puerta.<\/p>\n<\/div>\n<div class=\"aclarar\"><\/div>\n<\/div>\n<p>Estamos abiertos a las posibles combinaciones (medidas, maderas, colores&#8230;) que el cliente nos pueda sugerir.<\/p>\n<p><\/p>","protected":false},"excerpt":{"rendered":"<p>Modelo B-0 Jamba lisa de zebrano barnizado + plinto y [&hellip;]<\/p>\n","protected":false},"author":1,"featured_media":0,"parent":39,"menu_order":1,"comment_status":"open","ping_status":"closed","template":"","meta":{"footnotes":""},"aioseo_notices":[],"_links":{"self":[{"href":"https:\/\/www.macru.com\/fr\/wp-json\/wp\/v2\/pages\/43"}],"collection":[{"href":"https:\/\/www.macru.com\/fr\/wp-json\/wp\/v2\/pages"}],"about":[{"href":"https:\/\/www.macru.com\/fr\/wp-json\/wp\/v2\/types\/page"}],"author":[{"embeddable":true,"href":"https:\/\/www.macru.com\/fr\/wp-json\/wp\/v2\/users\/1"}],"replies":[{"embeddable":true,"href":"https:\/\/www.macru.com\/fr\/wp-json\/wp\/v2\/comments?post=43"}],"version-history":[{"count":40,"href":"https:\/\/www.macru.com\/fr\/wp-json\/wp\/v2\/pages\/43\/revisions"}],"predecessor-version":[{"id":720,"href":"https:\/\/www.macru.com\/fr\/wp-json\/wp\/v2\/pages\/43\/revisions\/720"}],"up":[{"embeddable":true,"href":"https:\/\/www.macru.com\/fr\/wp-json\/wp\/v2\/pages\/39"}],"wp:attachment":[{"href":"https:\/\/www.macru.com\/fr\/wp-json\/wp\/v2\/media?parent=43"}],"curies":[{"name":"wp","href":"https:\/\/api.w.org\/{rel}","templated":true}]}}